{"id":9,"date":"2025-10-16T15:06:00","date_gmt":"2025-10-16T15:06:00","guid":{"rendered":"https:\/\/delbudaigorogkatolikusok.hu\/szenttade\/?page_id=9"},"modified":"2025-10-21T09:01:42","modified_gmt":"2025-10-21T09:01:42","slug":"szent-tade-del-budai-gorogkatolikusokert-alapitvany","status":"publish","type":"page","link":"https:\/\/delbudaigorogkatolikusok.hu\/szenttade\/","title":{"rendered":"Szent T\u00e1d\u00e9 D\u00e9l-Budai G\u00f6r\u00f6gkatolikusok\u00e9rt Alap\u00edtv\u00e1ny"},"content":{"rendered":"\n<div class=\"wp-block-group alignfull has-global-padding is-layout-constrained wp-block-group-is-layout-constrained\" style=\"margin-top:0;margin-bottom:0\">\n<div class=\"wp-block-columns alignwide is-layout-flex wp-container-core-columns-is-layout-65e523f9 wp-block-columns-is-layout-flex\">\n<div class=\"wp-block-column is-layout-flow wp-block-column-is-layout-flow\" style=\"flex-basis:66.66%\">\n<p><strong>Az Alap\u00edtv\u00e1ny c\u00e9ljai:<\/strong> <\/p>\n\n\n\n<p>A D\u00e9l-Budai G\u00f6r\u00f6gkatolikus k\u00f6z\u00f6ss\u00e9g tev\u00e9kenys\u00e9g\u00e9nek el\u0151seg\u00edt\u00e9se, anyagi t\u00e1mogat\u00e1sa, mind szem\u00e9lyi, mind dologi vonatkoz\u00e1sban. <\/p>\n\n\n\n<p>A D\u00e9l-Budai G\u00f6r\u00f6gkatolikus Egyh\u00e1zk\u00f6zs\u00e9g \u00e9s k\u00f6z\u00f6ss\u00e9g l\u00e9tes\u00edtm\u00e9nyeinek fenntart\u00e1sa, karbantart\u00e1sa, t\u00e1mogat\u00e1sa \u00e9s ilyen int\u00e9zm\u00e9nyek, szervezetek l\u00e9tes\u00edt\u00e9se. <\/p>\n\n\n\n<p>K\u00e9pz\u0151m\u0171v\u00e9szeti alkot\u00e1sok, egyh\u00e1zzenei m\u0171vek, sajt\u00f3 \u00e9s bizantinol\u00f3giai kiadv\u00e1nyok t\u00e1mogat\u00e1sa. <\/p>\n\n\n\n<p>A Budai G\u00f6r\u00f6gkatolikus K\u00f3rus tev\u00e9kenys\u00e9g\u00e9nek t\u00e1mogat\u00e1sa. <\/p>\n\n\n\n<p>Tudom\u00e1nyos k\u00e9pz\u00e9s, egy\u00e9b oktat\u00e1s, idegen nyelv tanul\u00e1s \u00e9s tov\u00e1bbk\u00e9pz\u00e9s el\u0151seg\u00edt\u00e9se. Kultur\u00e1lis-, k\u00e9pz\u00e9si- \u00e9s szabadid\u0151s tev\u00e9kenys\u00e9gek t\u00e1mogat\u00e1sa. <\/p>\n\n\n\n<p>A D\u00e9l-Budai K\u00f6z\u00f6ss\u00e9g rendezv\u00e9nyeinek t\u00e1mogat\u00e1sa. Tanulm\u00e1nyok, t\u00e1borok, zar\u00e1ndoklatok \u00e9s a k\u00f6z\u00f6ss\u00e9g rendezv\u00e9nyeinek t\u00e1mogat\u00e1sa. <\/p>\n\n\n\n<p>Az egyh\u00e1zk\u00f6z\u00f6ss\u00e9g tagjainak \u2013 amennyiben r\u00e1szorulnak \u2013 szoci\u00e1lis t\u00e1mogat\u00e1sa, m\u00e1s g\u00f6r\u00f6gkatolikus egyh\u00e1zk\u00f6zs\u00e9gek \u00e9s int\u00e9zm\u00e9nyek megseg\u00edt\u00e9se. <\/p>\n\n\n\n<p>A g\u00f6r\u00f6gkatolikus k\u00f6z\u00f6ss\u00e9g hagyom\u00e1ny\u0151rz\u0151 t\u00f6rekv\u00e9seinek el\u0151seg\u00edt\u00e9se, nevel\u00e9si, oktat\u00e1si, k\u00e9pess\u00e9gfejleszt\u00e9si \u00e9s ismeretterjeszt\u00e9si, tov\u00e1bb\u00e1 k\u00e9pz\u00e9si \u00e9s egy\u00e9b szolg\u00e1ltat\u00e1sok ny\u00fajt\u00e1sa.<\/p>\n\n\n\n<p>C\u00edm: 1082 Budapest, Baross utca 89. 3\/9\/b.<\/p>\n\n\n\n<p>Ad\u00f3sz\u00e1m: <strong>19319052-1-42<\/strong><\/p>\n\n\n\n<p>Banksz\u00e1mlasz\u00e1m: (OTP) <strong>11722003-22482574<\/strong><\/p>\n<\/div>\n<\/div>\n<\/div>\n\n\n\n<div class=\"wp-block-group alignfull has-global-padding is-layout-constrained wp-block-group-is-layout-constrained\" style=\"margin-top:0;margin-bottom:0\">\n<div style=\"height:var(--wp--preset--spacing--30)\" aria-hidden=\"true\" class=\"wp-block-spacer\"><\/div>\n\n\n\n<div class=\"wp-block-columns alignwide is-layout-flex wp-container-core-columns-is-layout-65e523f9 wp-block-columns-is-layout-flex\"><\/div>\n\n\n\n<hr class=\"wp-block-separator alignfull has-alpha-channel-opacity\"\/>\n\n\n\n<div style=\"height:var(--wp--preset--spacing--30)\" aria-hidden=\"true\" class=\"wp-block-spacer\"><\/div>\n<\/div>\n\n\n\n<div class=\"wp-block-group alignfull has-global-padding is-layout-constrained wp-block-group-is-layout-constrained\" style=\"margin-top:0;margin-bottom:0\">\n<div class=\"wp-block-group alignwide has-global-padding is-layout-constrained wp-block-group-is-layout-constrained\">\n<div class=\"wp-block-group alignwide is-layout-flow wp-block-group-is-layout-flow\"><\/div>\n<\/div>\n<\/div>\n","protected":false},"excerpt":{"rendered":"<p>Az Alap\u00edtv\u00e1ny c\u00e9ljai: A D\u00e9l-Budai G\u00f6r\u00f6gkatolikus k\u00f6z\u00f6ss\u00e9g tev\u00e9kenys\u00e9g\u00e9nek el\u0151seg\u00edt\u00e9se, anyagi t\u00e1mogat\u00e1sa, mind szem\u00e9lyi, mind dologi vonatkoz\u00e1sban. A D\u00e9l-Budai G\u00f6r\u00f6gkatolikus Egyh\u00e1zk\u00f6zs\u00e9g \u00e9s k\u00f6z\u00f6ss\u00e9g l\u00e9tes\u00edtm\u00e9nyeinek fenntart\u00e1sa, karbantart\u00e1sa, t\u00e1mogat\u00e1sa \u00e9s ilyen int\u00e9zm\u00e9nyek, szervezetek l\u00e9tes\u00edt\u00e9se. K\u00e9pz\u0151m\u0171v\u00e9szeti alkot\u00e1sok, egyh\u00e1zzenei m\u0171vek, sajt\u00f3 \u00e9s bizantinol\u00f3giai kiadv\u00e1nyok t\u00e1mogat\u00e1sa. A Budai G\u00f6r\u00f6gkatolikus K\u00f3rus tev\u00e9kenys\u00e9g\u00e9nek t\u00e1mogat\u00e1sa. Tudom\u00e1nyos k\u00e9pz\u00e9s, egy\u00e9b oktat\u00e1s, idegen nyelv tanul\u00e1s \u00e9s tov\u00e1bbk\u00e9pz\u00e9s [&hellip;]<\/p>\n","protected":false},"author":2,"featured_media":0,"parent":0,"menu_order":0,"comment_status":"closed","ping_status":"closed","template":"","meta":{"footnotes":""},"class_list":["post-9","page","type-page","status-publish","hentry"],"_hostinger_reach_plugin_has_subscription_block":false,"_hostinger_reach_plugin_is_elementor":false,"_links":{"self":[{"href":"https:\/\/delbudaigorogkatolikusok.hu\/szenttade\/wp-json\/wp\/v2\/pages\/9","targetHints":{"allow":["GET"]}}],"collection":[{"href":"https:\/\/delbudaigorogkatolikusok.hu\/szenttade\/wp-json\/wp\/v2\/pages"}],"about":[{"href":"https:\/\/delbudaigorogkatolikusok.hu\/szenttade\/wp-json\/wp\/v2\/types\/page"}],"author":[{"embeddable":true,"href":"https:\/\/delbudaigorogkatolikusok.hu\/szenttade\/wp-json\/wp\/v2\/users\/2"}],"replies":[{"embeddable":true,"href":"https:\/\/delbudaigorogkatolikusok.hu\/szenttade\/wp-json\/wp\/v2\/comments?post=9"}],"version-history":[{"count":10,"href":"https:\/\/delbudaigorogkatolikusok.hu\/szenttade\/wp-json\/wp\/v2\/pages\/9\/revisions"}],"predecessor-version":[{"id":29,"href":"https:\/\/delbudaigorogkatolikusok.hu\/szenttade\/wp-json\/wp\/v2\/pages\/9\/revisions\/29"}],"wp:attachment":[{"href":"https:\/\/delbudaigorogkatolikusok.hu\/szenttade\/wp-json\/wp\/v2\/media?parent=9"}],"curies":[{"name":"wp","href":"https:\/\/api.w.org\/{rel}","templated":true}]}}